{"id":127,"date":"2026-01-18T07:36:15","date_gmt":"2026-01-18T07:36:15","guid":{"rendered":"https:\/\/scanwearsolutions.com\/?page_id=127"},"modified":"2026-01-31T08:53:17","modified_gmt":"2026-01-31T08:53:17","slug":"aviso-legal","status":"publish","type":"page","link":"https:\/\/scanwearsolutions.com\/en\/aviso-legal\/","title":{"rendered":"Legal notice"},"content":{"rendered":"<p class=\"ticss-d60f507e has-small-font-size\"><em>Last update: January 2026<\/em><\/p>\n\n\n\n<h2 id=\"wp-block-themeisle-blocks-advanced-heading-3c57a102\" class=\"wp-block-themeisle-blocks-advanced-heading wp-block-themeisle-blocks-advanced-heading-3c57a102\"><strong>1. IDENTIFYING INFORMATION<\/strong><\/h2>\n\n\n\n<p>In compliance with Article 10 of Law 34\/2002, of July 11, on Information Society Services and Electronic Commerce (LSSI-CE), the following information is provided:<\/p>\n\n\n\n<ul class=\"wp-block-list\">\n<li><strong>Legal representatives:<\/strong> Rodrigo L\u00f3pez Alonso y Borja Calvo Bentue.<\/li>\n\n\n\n<li><strong>Website owner:<\/strong> ScanWear Solutions Sociedad Limitada<\/li>\n\n\n\n<li><strong>Tax ID:<\/strong> B25887605<\/li>\n\n\n\n<li><strong>Registered address:<\/strong> Calle de Paradinas 16, 5\u00baD, 28005 Madrid (Madrid)<\/li>\n\n\n\n<li><strong>Email:<\/strong> <a href=\"mailto:info@scanwearsolutions.com\">info@scanwearsolutions.com<\/a><\/li>\n\n\n\n<li><strong>Phone:<\/strong> <a href=\"tel:34606745264\">+34 606745264<\/a>&nbsp;|&nbsp;<a href=\"tel:34654423233\">+34 654423233<\/a><\/li>\n<\/ul>\n\n\n\n<h2 id=\"wp-block-themeisle-blocks-advanced-heading-2896466d\" class=\"wp-block-themeisle-blocks-advanced-heading wp-block-themeisle-blocks-advanced-heading-2896466d\"><strong><strong>2. PURPOSE<\/strong><\/strong><\/h2>\n\n\n\n<p>This legal notice regulates the use of the website accessible at the Company\u2019s domain, owned by ScanWear Solutions Sociedad Limitada.<\/p>\n\n\n\n<p>Browsing the website grants the User status and implies full and unreserved acceptance of each and every provision included in this Legal Notice, which may be subject to modifications.<\/p>\n\n\n\n<h2 id=\"wp-block-themeisle-blocks-advanced-heading-cb5eec03\" class=\"wp-block-themeisle-blocks-advanced-heading wp-block-themeisle-blocks-advanced-heading-cb5eec03\"><strong><strong>3. WEBSITE ACCESS AND USE<\/strong><\/strong><\/h2>\n\n\n\n<h3 id=\"wp-block-themeisle-blocks-advanced-heading-5b723dd8\" class=\"wp-block-themeisle-blocks-advanced-heading wp-block-themeisle-blocks-advanced-heading-5b723dd8\"><strong><strong><strong>3.1. Free nature<\/strong><\/strong><\/strong><\/h3>\n\n\n\n<p>Access to and browsing of the website is free of charge. However, some of the services and content offered may be subject to prior contracting of the service.<\/p>\n\n\n\n<h3 id=\"wp-block-themeisle-blocks-advanced-heading-666a9ca5\" class=\"wp-block-themeisle-blocks-advanced-heading wp-block-themeisle-blocks-advanced-heading-666a9ca5\"><strong><strong><strong><strong>3.2. User registration<\/strong><\/strong><\/strong><\/strong><\/h3>\n\n\n\n<p>In general, the provision of services does not require prior subscription or registration of Users. However, use of the contact form is conditional upon acceptance of the Privacy Policy.<\/p>\n\n\n\n<h3 id=\"wp-block-themeisle-blocks-advanced-heading-7d8977c4\" class=\"wp-block-themeisle-blocks-advanced-heading wp-block-themeisle-blocks-advanced-heading-7d8977c4\"><strong><strong><strong><strong>3.3. Accuracy of information<\/strong><\/strong><\/strong><\/strong><\/h3>\n\n\n\n<p>All information provided by the User must be truthful. For these purposes, the User guarantees the authenticity of all data communicated.<\/p>\n\n\n\n<h3 id=\"wp-block-themeisle-blocks-advanced-heading-1355f1ff\" class=\"wp-block-themeisle-blocks-advanced-heading wp-block-themeisle-blocks-advanced-heading-1355f1ff\"><strong><strong><strong><strong>3.4. Minors<\/strong><\/strong><\/strong><\/strong><\/h3>\n\n\n\n<p>To use the services, minors must always obtain prior consent from their parents, guardians, or legal representatives, who are ultimately responsible for all actions performed by minors in their care.<\/p>\n\n\n\n<h2 id=\"wp-block-themeisle-blocks-advanced-heading-a309895c\" class=\"wp-block-themeisle-blocks-advanced-heading wp-block-themeisle-blocks-advanced-heading-a309895c\"><strong><strong>4. INTELLECTUAL AND INDUSTRIAL PROPERTY<\/strong><\/strong><\/h2>\n\n\n\n<p>All website content, unless otherwise indicated, is the exclusive property of the Company and, in particular, by way of illustration and not limitation, the graphic design, source code, logos, texts, graphics, illustrations, photographs, and other elements appearing on the website.<\/p>\n\n\n\n<p>Likewise, all trade names, trademarks, or distinctive signs of any kind contained on the website are protected by Law.<\/p>\n\n\n\n<p>The Company does not grant any license or authorization for personal use to the User regarding its intellectual and industrial property rights or any other right related to its website and the services offered therein.<\/p>\n\n\n\n<p>Reproduction, distribution, public communication, transformation and, in general, any other form of exploitation, by any procedure, of all or part of the contents of this website is expressly prohibited without the express authorization of the Company.<\/p>\n\n\n\n<p>The User must refrain from:<\/p>\n\n\n\n<ul class=\"wp-block-list\">\n<li>Reproducing, copying, distributing, making available, publicly communicating, transforming, or modifying the contents except in cases authorized by law or expressly consented to by the Company.<\/li>\n\n\n\n<li>Reproducing or copying for private use contents that may be considered Software or Database.<\/li>\n\n\n\n<li>Extracting and\/or reusing all or a substantial part of the contents of the website.<\/li>\n<\/ul>\n\n\n\n<h2 id=\"wp-block-themeisle-blocks-advanced-heading-2fd5c008\" class=\"wp-block-themeisle-blocks-advanced-heading wp-block-themeisle-blocks-advanced-heading-2fd5c008\"><strong><strong>5. DISCLAIMER<\/strong><\/strong><\/h2>\n\n\n\n<h3 id=\"wp-block-themeisle-blocks-advanced-heading-cdc9584c\" class=\"wp-block-themeisle-blocks-advanced-heading wp-block-themeisle-blocks-advanced-heading-cdc9584c\"><strong><strong><strong>5.1. Regarding information<\/strong><\/strong><\/strong><\/h3>\n\n\n\n<p>The Company does not guarantee the absence of errors in accessing the website, its content, or that it is up to date, although it will make its best efforts to, where applicable, avoid, correct, or update them.<\/p>\n\n\n\n<p>The Company reserves the right to update, modify, or delete the information contained on its website, as well as the configuration or presentation thereof, at any time without assuming any responsibility for it.<\/p>\n\n\n\n<h3 id=\"wp-block-themeisle-blocks-advanced-heading-b37c5349\" class=\"wp-block-themeisle-blocks-advanced-heading wp-block-themeisle-blocks-advanced-heading-b37c5349\"><strong><strong><strong>5.2. Regarding service availability<\/strong><\/strong><\/strong><\/h3>\n\n\n\n<p>The Company does not guarantee the continuous and permanent availability of the website, being exempt from any liability for damages of any nature arising from the lack of availability or continuity of the website\u2019s operation.<\/p>\n\n\n\n<h2 id=\"wp-block-themeisle-blocks-advanced-heading-27b58fe0\" class=\"wp-block-themeisle-blocks-advanced-heading wp-block-themeisle-blocks-advanced-heading-27b58fe0\"><strong><strong>6. COMMERCIAL COMMUNICATIONS<\/strong><\/strong><\/h2>\n\n\n\n<p>In application of the LSSI-CE, the Company will not send advertising or promotional communications by email or other equivalent electronic means that have not been previously requested or expressly authorized by their recipients.<\/p>\n\n\n\n<p>In the case of Users with whom there is a prior contractual or service relationship, the Company may send commercial communications regarding products or services similar to those that were initially contracted, unless the User expresses opposition.<\/p>\n\n\n\n<h2 id=\"wp-block-themeisle-blocks-advanced-heading-dfbab402\" class=\"wp-block-themeisle-blocks-advanced-heading wp-block-themeisle-blocks-advanced-heading-dfbab402\"><strong><strong>7. PRIVACY AND DATA PROTECTION POLICY<\/strong><\/strong><\/h2>\n\n\n\n<p>The Company undertakes to adopt the necessary technical and organizational measures, according to the level of security appropriate to the risk of the data collected, in order to guarantee the security of personal data and prevent accidental or unlawful destruction, loss, or alteration of personal data transmitted, stored, or otherwise processed, or unauthorized communication or access to such data.<\/p>\n\n\n\n<p>For more information, please consult our Privacy Policy.<\/p>\n\n\n\n<h2 id=\"wp-block-themeisle-blocks-advanced-heading-a011e4b4\" class=\"wp-block-themeisle-blocks-advanced-heading wp-block-themeisle-blocks-advanced-heading-a011e4b4\"><strong><strong>8. APPLICABLE LAW AND JURISDICTION<\/strong><\/strong><\/h2>\n\n\n\n<p>These conditions are governed by Spanish law.<\/p>\n\n\n\n<p>For the resolution of any controversy that may arise in relation to the website or the activities developed therein, the Company and the User agree to submit to the Courts and Tribunals of the User&#x2019;s domicile. In the event that the User has their domicile outside Spain, the Company and the User expressly waive any other jurisdiction, submitting to the Courts and Tribunals of Madrid (Spain).<\/p>","protected":false},"excerpt":{"rendered":"<p>\u00daltima actualizaci\u00f3n: enero 2026 En cumplimiento del art\u00edculo 10 de la Ley 34\/2002, de 11 de julio, de Servicios de [&hellip;]<\/p>","protected":false},"author":1,"featured_media":0,"parent":0,"menu_order":0,"comment_status":"closed","ping_status":"closed","template":"","meta":{"site-sidebar-layout":"default","site-content-layout":"","ast-site-content-layout":"default","site-content-style":"default","site-sidebar-style":"default","ast-global-header-display":"","ast-banner-title-visibility":"","ast-main-header-display":"","ast-hfb-above-header-display":"","ast-hfb-below-header-display":"","ast-hfb-mobile-header-display":"","site-post-title":"","ast-breadcrumbs-content":"","ast-featured-img":"","footer-sml-layout":"","ast-disable-related-posts":"","theme-transparent-header-meta":"","adv-header-id-meta":"","stick-header-meta":"","header-above-stick-meta":"","header-main-stick-meta":"","header-below-stick-meta":"","astra-migrate-meta-layouts":"default","ast-page-background-enabled":"default","ast-page-background-meta":{"desktop":{"background-color":"var(--ast-global-color-5)","background-image":"","background-repeat":"repeat","background-position":"center center","background-size":"auto","background-attachment":"scroll","background-type":"","background-media":"","overlay-type":"","overlay-color":"","overlay-opacity":"","overlay-gradient":""},"tablet":{"background-color":"","background-image":"","background-repeat":"repeat","background-position":"center center","background-size":"auto","background-attachment":"scroll","background-type":"","background-media":"","overlay-type":"","overlay-color":"","overlay-opacity":"","overlay-gradient":""},"mobile":{"background-color":"","background-image":"","background-repeat":"repeat","background-position":"center center","background-size":"auto","background-attachment":"scroll","background-type":"","background-media":"","overlay-type":"","overlay-color":"","overlay-opacity":"","overlay-gradient":""}},"ast-content-background-meta":{"desktop":{"background-color":"var(--ast-global-color-4)","background-image":"","background-repeat":"repeat","background-position":"center center","background-size":"auto","background-attachment":"scroll","background-type":"","background-media":"","overlay-type":"","overlay-color":"","overlay-opacity":"","overlay-gradient":""},"tablet":{"background-color":"var(--ast-global-color-4)","background-image":"","background-repeat":"repeat","background-position":"center center","background-size":"auto","background-attachment":"scroll","background-type":"","background-media":"","overlay-type":"","overlay-color":"","overlay-opacity":"","overlay-gradient":""},"mobile":{"background-color":"var(--ast-global-color-4)","background-image":"","background-repeat":"repeat","background-position":"center center","background-size":"auto","background-attachment":"scroll","background-type":"","background-media":"","overlay-type":"","overlay-color":"","overlay-opacity":"","overlay-gradient":""}},"_themeisle_gutenberg_block_has_review":false,"footnotes":""},"class_list":["post-127","page","type-page","status-publish","hentry"],"_links":{"self":[{"href":"https:\/\/scanwearsolutions.com\/en\/wp-json\/wp\/v2\/pages\/127","targetHints":{"allow":["GET"]}}],"collection":[{"href":"https:\/\/scanwearsolutions.com\/en\/wp-json\/wp\/v2\/pages"}],"about":[{"href":"https:\/\/scanwearsolutions.com\/en\/wp-json\/wp\/v2\/types\/page"}],"author":[{"embeddable":true,"href":"https:\/\/scanwearsolutions.com\/en\/wp-json\/wp\/v2\/users\/1"}],"replies":[{"embeddable":true,"href":"https:\/\/scanwearsolutions.com\/en\/wp-json\/wp\/v2\/comments?post=127"}],"version-history":[{"count":3,"href":"https:\/\/scanwearsolutions.com\/en\/wp-json\/wp\/v2\/pages\/127\/revisions"}],"predecessor-version":[{"id":238,"href":"https:\/\/scanwearsolutions.com\/en\/wp-json\/wp\/v2\/pages\/127\/revisions\/238"}],"wp:attachment":[{"href":"https:\/\/scanwearsolutions.com\/en\/wp-json\/wp\/v2\/media?parent=127"}],"curies":[{"name":"wp","href":"https:\/\/api.w.org\/{rel}","templated":true}]}}